{"id":9902,"date":"2020-02-01T16:10:59","date_gmt":"2020-02-01T15:10:59","guid":{"rendered":"http:\/\/oegrl.com\/?page_id=9902"},"modified":"2022-09-06T22:11:11","modified_gmt":"2022-09-06T20:11:11","slug":"events-2018","status":"publish","type":"page","link":"https:\/\/oegrl.com\/index.php\/events-2018\/","title":{"rendered":"2018"},"content":{"rendered":"<p>[vc_row full_width=&#8220;stretch_row&#8220; css=&#8220;.vc_custom_1580569995259{background-color: #7a0004 !important;}&#8220;][vc_column width=&#8220;1\/12&#8243;][vc_single_image image=&#8220;8622&#8243; img_size=&#8220;full&#8220;][\/vc_column][vc_column width=&#8220;11\/12&#8243;][vc_custom_heading text=&#8220;Past events &#8211; 2018&#8243; font_container=&#8220;tag:h2|text_align:left|color:%23ffffff&#8220; google_fonts=&#8220;font_family:Asap%3Aregular%2Citalic%2C700%2C700italic|font_style:400%20regular%3A400%3Anormal&#8220;][\/vc_column][\/vc_row][vc_row full_width=&#8220;stretch_row&#8220; css=&#8220;.vc_custom_1580570027473{background-image: url(http:\/\/oegrl.com\/wp-content\/uploads\/2017\/05\/Conference.jpeg?id=8629) !important;background-position: center !important;background-repeat: no-repeat !important;background-size: cover !important;}&#8220;][vc_column][vc_empty_space height=&#8220;150px&#8220;][\/vc_column][\/vc_row][vc_row][vc_column width=&#8220;5\/6&#8243;][vc_row_inner][vc_column_inner width=&#8220;1\/2&#8243;][vc_btn title=&#8220;Upcoming events&#8220; style=&#8220;classic&#8220; shape=&#8220;square&#8220; color=&#8220;black&#8220; size=&#8220;lg&#8220; align=&#8220;center&#8220; button_block=&#8220;true&#8220; link=&#8220;url:http%3A%2F%2Foegrl.com%2Findex.php%2Fevents%2Fupcoming-events%2F|||&#8220;][\/vc_column_inner][vc_column_inner width=&#8220;1\/2&#8243;][vc_btn title=&#8220;Past events&#8220; style=&#8220;classic&#8220; shape=&#8220;square&#8220; color=&#8220;inverse&#8220; size=&#8220;lg&#8220; align=&#8220;center&#8220; button_block=&#8220;true&#8220; link=&#8220;url:http%3A%2F%2Foegrl.com%2Findex.php%2Fevents%2Fpast-events%2F|||&#8220;][\/vc_column_inner][\/vc_row_inner][vc_row_inner 0=&#8220;&#8220;][vc_column_inner width=&#8220;1\/6&#8243;][vc_btn title=&#8220;2022&#8243; style=&#8220;classic&#8220; shape=&#8220;square&#8220; color=&#8220;black&#8220; size=&#8220;lg&#8220; align=&#8220;center&#8220; button_block=&#8220;true&#8220; link=&#8220;url:http%3A%2F%2Foegrl.com%2Findex.php%2Fevents%2Fpast-events%2F2022-2%2F|||&#8220;][\/vc_column_inner][vc_column_inner width=&#8220;1\/6&#8243;][vc_btn title=&#8220;2021&#8243; style=&#8220;classic&#8220; shape=&#8220;square&#8220; color=&#8220;black&#8220; size=&#8220;lg&#8220; align=&#8220;center&#8220; button_block=&#8220;true&#8220; link=&#8220;url:http%3A%2F%2Foegrl.com%2Findex.php%2Fevents%2Fpast-events%2F2021-2%2F|||&#8220;][\/vc_column_inner][vc_column_inner width=&#8220;1\/6&#8243;][vc_btn title=&#8220;2020&#8243; style=&#8220;classic&#8220; shape=&#8220;square&#8220; color=&#8220;black&#8220; size=&#8220;lg&#8220; align=&#8220;center&#8220; button_block=&#8220;true&#8220; link=&#8220;url:http%3A%2F%2Foegrl.com%2Findex.php%2Fevents%2Fpast-events%2F2020-2%2F|||&#8220;][\/vc_column_inner][vc_column_inner width=&#8220;1\/6&#8243;][vc_btn title=&#8220;2019&#8243; style=&#8220;classic&#8220; shape=&#8220;square&#8220; color=&#8220;black&#8220; size=&#8220;lg&#8220; align=&#8220;center&#8220; button_block=&#8220;true&#8220; link=&#8220;url:http%3A%2F%2Foegrl.com%2Findex.php%2Fevents%2Fpast-events%2Fevents-2019%2F|||&#8220;][\/vc_column_inner][vc_column_inner width=&#8220;1\/6&#8243;][vc_btn title=&#8220;2018&#8243; style=&#8220;classic&#8220; shape=&#8220;square&#8220; color=&#8220;inverse&#8220; size=&#8220;lg&#8220; align=&#8220;center&#8220; button_block=&#8220;true&#8220; link=&#8220;url:http%3A%2F%2Foegrl.com%2Findex.php%2Fevents%2Fpast-events%2Fevents-2018%2F|||&#8220;][\/vc_column_inner][vc_column_inner width=&#8220;1\/6&#8243;][vc_btn title=&#8220;2017&#8243; style=&#8220;classic&#8220; shape=&#8220;square&#8220; color=&#8220;black&#8220; size=&#8220;lg&#8220; align=&#8220;center&#8220; button_block=&#8220;true&#8220; link=&#8220;url:http%3A%2F%2Foegrl.com%2Findex.php%2Fevents%2Fpast-events%2F9898-2%2F|||&#8220;][\/vc_column_inner][\/vc_row_inner][vc_column_text 0=&#8220;&#8220;]<\/p>\n<h1><span class=\"_3oh- _58nk\" style=\"color: #7a0004;\"><strong>Panel discussion series:\u00a0<em>Language and Law\u00a0(Part 4)<\/em><br \/>\n<\/strong><\/span><\/h1>\n<p><span style=\"color: #7a0004;\">____________________________________________________________________________________<br \/>\n<\/span><\/p>\n<h4 class=\"_aok\"><span class=\"_3oh- _58nk\" style=\"color: #333333;\"><span style=\"color: #7a0004;\"><strong>12th December 2018\u00a0 \/\/\u00a0 19:00\u00a0 \/\/\u00a0\u00a0<\/strong><\/span><\/span><span class=\"_3oh- _58nk\" style=\"color: #333333;\"><span style=\"color: #7a0004;\"><strong>B\u00fcchereien Wien, Urban-Loritz-Platz 2a, 1070 Vienna<img loading=\"lazy\" decoding=\"async\" class=\" wp-image-8431 alignright\" src=\"http:\/\/oegrl.com\/wp-content\/uploads\/2017\/07\/AALL_Logo_OEGRL-300x39.png\" alt=\"\" width=\"270\" height=\"35\" srcset=\"https:\/\/oegrl.com\/wp-content\/uploads\/2017\/07\/AALL_Logo_OEGRL-300x39.png 300w, https:\/\/oegrl.com\/wp-content\/uploads\/2017\/07\/AALL_Logo_OEGRL-768x102.png 768w, https:\/\/oegrl.com\/wp-content\/uploads\/2017\/07\/AALL_Logo_OEGRL-1024x136.png 1024w\" sizes=\"(max-width: 270px) 100vw, 270px\" \/><\/strong><\/span><\/span><\/h4>\n<p><em><span style=\"color: #003366;\"><strong>This event was in German.<\/strong><\/span><\/em><\/p>\n<p class=\"_aok\"><span style=\"color: #333333;\"><strong>Language and Law\u00a0\u2013\u00a0Part 4<img loading=\"lazy\" decoding=\"async\" class=\" wp-image-8879 alignright\" src=\"http:\/\/oegrl.com\/wp-content\/uploads\/2017\/05\/Stadtb\u00fccherei-300x73.jpg\" alt=\"\" width=\"271\" height=\"66\" srcset=\"https:\/\/oegrl.com\/wp-content\/uploads\/2017\/05\/Stadtb\u00fccherei-300x73.jpg 300w, https:\/\/oegrl.com\/wp-content\/uploads\/2017\/05\/Stadtb\u00fccherei.jpg 532w\" sizes=\"(max-width: 271px) 100vw, 271px\" \/><\/strong><\/span><\/p>\n<p><span style=\"color: #333333;\"><strong>Sprache und\u00a0Privatsph\u00e4re<\/strong><\/span><\/p>\n<p><span style=\"color: #333333;\">With\u00a0Nikolaus Forg<\/span>\u00f3<span style=\"color: #333333;\">\u00a0(University of Vienna);\u00a0Barbara Prainsack\u00a0(University of Vienna),\u00a0Stefan Knotzer (Danube University Krems) and Daniel Green (AALL).<\/span><\/p>\n<p><span style=\"color: #333333;\">Moderation:\u00a0Aysun Salvatore (AALL)<\/span><\/p>\n<p><span style=\"color: #333333;\">In Kooperation mit den B\u00fcchereien Wien<\/span>[\/vc_column_text][vc_single_image image=&#8220;9463&#8243; img_size=&#8220;full&#8220;][vc_column_text 0=&#8220;&#8220;]<\/p>\n<p style=\"text-align: right;\"><em>From left to right: Barbara Prainsack, Nikolaus Forg<i>\u00f3<\/i>, Aysun Salvatore, Stefan Knotzer, Daniel\u00a0Green<\/em><\/p>\n<p>[\/vc_column_text][vc_empty_space 0=&#8220;&#8220;][vc_separator color=&#8220;black&#8220; border_width=&#8220;2&#8243;][vc_column_text 0=&#8220;&#8220;]<\/p>\n<h1 class=\"_aok\"><span class=\"_3oh- _58nk\" style=\"color: #7a0004;\"><strong>International Legal Linguistics Workshop 2018 (ILLWS18)<br \/>\n<\/strong><\/span><\/h1>\n<p><span style=\"color: #7a0004;\">____________________________________________________________________________________<br \/>\n<\/span><\/p>\n<h4 class=\"_aok\"><span class=\"_3oh- _58nk\" style=\"color: #333333;\"><span style=\"color: #7a0004;\"><strong>26th &#8211; 28th October 2018\u00a0 \/\/\u00a0 Leopold-Franzens-Universit\u00e4t, Innsbruck<\/strong><\/span><\/span><\/h4>\n<p><span style=\"color: #333333;\">As part of the\u00a0<b>44th Austrian Linguistics Conference<img loading=\"lazy\" decoding=\"async\" class=\" wp-image-8431 alignright\" src=\"http:\/\/oegrl.com\/wp-content\/uploads\/2017\/07\/AALL_Logo_OEGRL-300x39.png\" alt=\"\" width=\"270\" height=\"35\" srcset=\"https:\/\/oegrl.com\/wp-content\/uploads\/2017\/07\/AALL_Logo_OEGRL-300x39.png 300w, https:\/\/oegrl.com\/wp-content\/uploads\/2017\/07\/AALL_Logo_OEGRL-768x102.png 768w, https:\/\/oegrl.com\/wp-content\/uploads\/2017\/07\/AALL_Logo_OEGRL-1024x136.png 1024w\" sizes=\"(max-width: 270px) 100vw, 270px\" \/>\u00a0(\u00d6LT2018)<\/b>\u00a0from\u00a0<b>26th &#8211; 28th October 2018<\/b>,\u00a0the\u00a0<b>1st Legal Linguistics Workshop 2018 (ILLWS18)<\/b>\u00a0took place,\u00a0organised by the Austrian Association for Legal Linguistics.<\/span><\/p>\n<p><span style=\"color: #333333;\">Among the many presentations that were given during the workshop, the following were given by members of the AALL:<\/span><\/p>\n<ul>\n<li><span style=\"color: #333333;\"><strong>Peter Eschig<\/strong>:\u00a0<em>What lawyers want \u2013 praktische Herausforderungen bei der \u00dcbersetzungst\u00e4tigkeit f\u00fcr Juristen<\/em><\/span><\/li>\n<li><span style=\"color: #333333;\"><strong>Vanessa Krebs<\/strong>:\u00a0<em>Die Auslegungsbed\u00fcrftigkeit unbestimmter Rechtsbegriffe \u2013 Eine Herausforderung f\u00fcr JunglehrerInnen<\/em><\/span><\/li>\n<li><span style=\"color: #333333;\"><strong>Aysun Salvatore<\/strong>:<em>\u00a0Strategische Vagheit in \u00f6sterreichischen Arbeitsvertr\u00e4gen<\/em><\/span><\/li>\n<li><span style=\"color: #333333;\"><strong>Daniel Green<\/strong>:\u00a0<em>Linguistic indeterminacy and online privacy policies: a corpusbased analysis of strategic vagueness in the wake of the General Data Protection Regulation (GDPR)<\/em><\/span><\/li>\n<li><span style=\"color: #333333;\"><strong>Martin Dunkl<\/strong>:\u00a0<em>Corporate Code \u2013 Wege zu einer klaren und unverwechselbaren Unternehmenssprache<\/em><\/span><\/li>\n<li><span style=\"color: #333333;\"><strong>Victoria Ameringer &amp; Daniel Green<\/strong>:\u00a0<em>Legal Aptitude and Working Memory: an Interdisciplinary Account of Legal Language Processing<\/em><\/span><\/li>\n<\/ul>\n<p><span style=\"color: #333333;\">You can see the whole programme of the conference\u00a0<span style=\"color: #800000;\"><strong><a style=\"color: #800000;\" href=\"http:\/\/oelt2018.sprawi.at\/wp-content\/uploads\/2018\/10\/Programm_OELT_2018-9.pdf\" target=\"_blank\" rel=\"noopener noreferrer\">here<\/a><\/strong><\/span>.<\/span>[\/vc_column_text][vc_empty_space 0=&#8220;&#8220;][vc_separator color=&#8220;black&#8220; border_width=&#8220;2&#8243;][vc_column_text 0=&#8220;&#8220;]<\/p>\n<h1 class=\"_aok\"><span class=\"_3oh- _58nk\" style=\"color: #7a0004;\"><strong>Panel discussion series:\u00a0<em>Language and Law\u00a0(Part 3)<\/em><br \/>\n<\/strong><\/span><\/h1>\n<p><span style=\"color: #7a0004;\">____________________________________________________________________________________<br \/>\n<\/span><\/p>\n<h4 class=\"_aok\"><span class=\"_3oh- _58nk\" style=\"color: #333333;\"><span style=\"color: #7a0004;\"><strong>8th\u00a0October 2018\u00a0 \/\/\u00a0 19:00\u00a0 \/\/\u00a0 B\u00fcchereien Wien, Urban-Loritz-Platz 2a, 1070 Vienna<img loading=\"lazy\" decoding=\"async\" class=\" wp-image-8431 alignright\" src=\"http:\/\/oegrl.com\/wp-content\/uploads\/2017\/07\/AALL_Logo_OEGRL-300x39.png\" alt=\"\" width=\"270\" height=\"35\" srcset=\"https:\/\/oegrl.com\/wp-content\/uploads\/2017\/07\/AALL_Logo_OEGRL-300x39.png 300w, https:\/\/oegrl.com\/wp-content\/uploads\/2017\/07\/AALL_Logo_OEGRL-768x102.png 768w, https:\/\/oegrl.com\/wp-content\/uploads\/2017\/07\/AALL_Logo_OEGRL-1024x136.png 1024w\" sizes=\"(max-width: 270px) 100vw, 270px\" \/><\/strong><\/span><br \/>\n<\/span><\/h4>\n<p><em><span style=\"color: #003366;\"><strong>This event was in German.<\/strong><\/span><\/em><\/p>\n<p class=\"_aok\"><span style=\"color: #333333;\"><strong>Language and Law\u00a0\u2013\u00a0Part 3<img loading=\"lazy\" decoding=\"async\" class=\" wp-image-8879 alignright\" src=\"http:\/\/oegrl.com\/wp-content\/uploads\/2017\/05\/Stadtb\u00fccherei-300x73.jpg\" alt=\"\" width=\"271\" height=\"66\" srcset=\"https:\/\/oegrl.com\/wp-content\/uploads\/2017\/05\/Stadtb\u00fccherei-300x73.jpg 300w, https:\/\/oegrl.com\/wp-content\/uploads\/2017\/05\/Stadtb\u00fccherei.jpg 532w\" sizes=\"(max-width: 271px) 100vw, 271px\" \/><\/strong><\/span><\/p>\n<p><span style=\"color: #333333;\"><strong>Sprache und Recht in der Schule<\/strong><\/span><\/p>\n<p><span style=\"color: #333333;\">With\u00a0Gertrude Brinek (Volksanwaltschaft Vienna); Christian Piska (University of Vienna), Heidemarie Schrodt (BildungGrenzenlos), Roland Reichart-M\u00fcckstein (OPENschool) and Daniel Green (AALL).<\/span><\/p>\n<p><span style=\"color: #333333;\">Moderation:\u00a0Doha Nasr (University of Vienna)<\/span><\/p>\n<p><span style=\"color: #333333;\">In cooperation\u00a0with the\u00a0<em>B\u00fcchereien Wien<\/em>.<\/span>[\/vc_column_text][vc_single_image image=&#8220;9370&#8243; img_size=&#8220;full&#8220;][vc_column_text 0=&#8220;&#8220;]<\/p>\n<p style=\"text-align: right;\"><em>Left to right: Heidemarie Schrodt, Christian Piska, Doha Nasr, Daniel Green, Gertrude Brinek, Roland Reichard-M\u00fcckstein<\/em><\/p>\n<p>[\/vc_column_text][vc_empty_space 0=&#8220;&#8220;][vc_separator color=&#8220;black&#8220; border_width=&#8220;2&#8243;][vc_column_text 0=&#8220;&#8220;]<\/p>\n<h1 class=\"_aok\"><span class=\"_3oh- _58nk\" style=\"color: #7a0004;\"><strong>Panel discussion series:\u00a0<em>Language and Law\u00a0(Part 2)<\/em><br \/>\n<\/strong><\/span><\/h1>\n<p><span style=\"color: #7a0004;\">____________________________________________________________________________________<br \/>\n<\/span><\/p>\n<h4 class=\"_aok\"><span class=\"_3oh- _58nk\" style=\"color: #333333;\"><span style=\"color: #7a0004;\"><strong>16th\u00a0May 2018\u00a0 \/\/\u00a0 19:00\u00a0 \/\/\u00a0 B\u00fcchereien Wien, Urban-Loritz-Platz 2a, 1070 Vienna<img loading=\"lazy\" decoding=\"async\" class=\" wp-image-8431 alignright\" src=\"http:\/\/oegrl.com\/wp-content\/uploads\/2017\/07\/AALL_Logo_OEGRL-300x39.png\" alt=\"\" width=\"270\" height=\"35\" srcset=\"https:\/\/oegrl.com\/wp-content\/uploads\/2017\/07\/AALL_Logo_OEGRL-300x39.png 300w, https:\/\/oegrl.com\/wp-content\/uploads\/2017\/07\/AALL_Logo_OEGRL-768x102.png 768w, https:\/\/oegrl.com\/wp-content\/uploads\/2017\/07\/AALL_Logo_OEGRL-1024x136.png 1024w\" sizes=\"(max-width: 270px) 100vw, 270px\" \/><\/strong><\/span><br \/>\n<\/span><\/h4>\n<p><em><span style=\"color: #003366;\"><strong>This event was in German.<\/strong><\/span><\/em><\/p>\n<p class=\"_aok\"><span style=\"color: #333333;\"><strong>Language and Law\u00a0\u2013\u00a0Part 2<img loading=\"lazy\" decoding=\"async\" class=\" wp-image-8879 alignright\" src=\"http:\/\/oegrl.com\/wp-content\/uploads\/2017\/05\/Stadtb\u00fccherei-300x73.jpg\" alt=\"\" width=\"271\" height=\"66\" srcset=\"https:\/\/oegrl.com\/wp-content\/uploads\/2017\/05\/Stadtb\u00fccherei-300x73.jpg 300w, https:\/\/oegrl.com\/wp-content\/uploads\/2017\/05\/Stadtb\u00fccherei.jpg 532w\" sizes=\"(max-width: 271px) 100vw, 271px\" \/><\/strong><\/span><\/p>\n<p><span style=\"color: #333333;\"><strong>Schuldspruch ohne Hauptverhandlung?\u00a0|\u00a0Autorit\u00e4t und Sprache im Strafrecht<\/strong><\/span><\/p>\n<p><span style=\"color: #333333;\">With Alfred Stratil\u00a0(Ministerialrat i. R.); Martin Dunkl\u00a0(Fachbuchautor) and Daniel Green (Leiter der \u00d6sterreichischen Gesellschaft f\u00fcr Rechtslinguistik)<\/span><\/p>\n<p><span style=\"color: #333333;\">Moderation:\u00a0Irene B\u00f6hm (University of Vienna)<\/span><\/p>\n<p><span style=\"color: #333333;\">In cooperation\u00a0with the\u00a0<em>B\u00fcchereien Wien<\/em>.<\/span>[\/vc_column_text][vc_single_image image=&#8220;9036&#8243; img_size=&#8220;full&#8220;][vc_column_text 0=&#8220;&#8220;]<\/p>\n<p style=\"text-align: right;\"><em>Left to right: Alfred Stratil, Irene B\u00f6hm, Martin Dunkl, Daniel\u00a0Green<\/em><\/p>\n<p>[\/vc_column_text][vc_empty_space 0=&#8220;&#8220;][vc_separator color=&#8220;black&#8220; border_width=&#8220;2&#8243;][vc_column_text 0=&#8220;&#8220;]<\/p>\n<h1 class=\"_aok\"><span class=\"_3oh- _58nk\" style=\"color: #7a0004;\"><strong>Panel discussion series:\u00a0<em>Language and Law\u00a0(Part 1)<\/em><br \/>\n<\/strong><\/span><\/h1>\n<p><span style=\"color: #7a0004;\">____________________________________________________________________________________<br \/>\n<\/span><\/p>\n<h4 class=\"_aok\"><span class=\"_3oh- _58nk\" style=\"color: #333333;\"><span style=\"color: #7a0004;\"><strong>15th\u00a0March 2018\u00a0 \/\/\u00a0 19:00\u00a0 \/\/\u00a0 B\u00fcchereien Wien, Urban-Loritz-Platz 2a, 1070 Vienna<img loading=\"lazy\" decoding=\"async\" class=\" wp-image-8431 alignright\" src=\"http:\/\/oegrl.com\/wp-content\/uploads\/2017\/07\/AALL_Logo_OEGRL-300x39.png\" alt=\"\" width=\"270\" height=\"35\" srcset=\"https:\/\/oegrl.com\/wp-content\/uploads\/2017\/07\/AALL_Logo_OEGRL-300x39.png 300w, https:\/\/oegrl.com\/wp-content\/uploads\/2017\/07\/AALL_Logo_OEGRL-768x102.png 768w, https:\/\/oegrl.com\/wp-content\/uploads\/2017\/07\/AALL_Logo_OEGRL-1024x136.png 1024w\" sizes=\"(max-width: 270px) 100vw, 270px\" \/><\/strong><\/span><br \/>\n<\/span><\/h4>\n<p><em><span style=\"color: #003366;\"><strong>This event was in German.<\/strong><\/span><\/em><\/p>\n<p class=\"_aok\"><span style=\"color: #333333;\"><strong>Language and Law\u00a0\u2013\u00a0Part 1<img loading=\"lazy\" decoding=\"async\" class=\" wp-image-8879 alignright\" src=\"http:\/\/oegrl.com\/wp-content\/uploads\/2017\/05\/Stadtb\u00fccherei-300x73.jpg\" alt=\"\" width=\"271\" height=\"66\" srcset=\"https:\/\/oegrl.com\/wp-content\/uploads\/2017\/05\/Stadtb\u00fccherei-300x73.jpg 300w, https:\/\/oegrl.com\/wp-content\/uploads\/2017\/05\/Stadtb\u00fccherei.jpg 532w\" sizes=\"(max-width: 271px) 100vw, 271px\" \/><\/strong><\/span><\/p>\n<p><span style=\"color: #333333;\"><strong>Wie nahe ist das Recht am B\u00fcrger? | \u00bbVerrechtlichung\u00ab und \u00bbPartizipative L\u00fccke\u00ab im \u00d6sterreichischen Recht<\/strong><\/span><\/p>\n<p><span style=\"color: #333333;\">With Eva Huber (Rechtspraktikantin im OLG Sprengel Wien); Aysun Salvatore (Steuerberatungskanzlei Vienna CityTax) and Daniel Green (Leiter der \u00d6sterreichischen Gesellschaft f\u00fcr Rechtslinguistik)<\/span><\/p>\n<p><span style=\"color: #333333;\">Moderation: Doha Nasr (Studentin der Rechtswissenschaften)<\/span><\/p>\n<p><span style=\"color: #333333;\">In cooperation\u00a0with the\u00a0<em>B\u00fcchereien Wien<\/em>.<\/span>[\/vc_column_text][vc_single_image image=&#8220;8975&#8243; img_size=&#8220;full&#8220;][vc_column_text 0=&#8220;&#8220;]<\/p>\n<p style=\"text-align: right;\"><em>Left to right:\u00a0Doha Nasr, Eva Huber, Aysun Salvatore, Daniel\u00a0Green<\/em><\/p>\n<p>[\/vc_column_text][\/vc_column][vc_column width=&#8220;1\/6&#8243;][vc_widget_sidebar sidebar_id=&#8220;languages&#8220;][\/vc_column][\/vc_row]<\/p>\n","protected":false},"excerpt":{"rendered":"<p>[vc_row full_width=&#8220;stretch_row&#8220; css=&#8220;.vc_custom_1580569995259{background-color: #7a0004 !important;}&#8220;][vc_column width=&#8220;1\/12&#8243;][vc_single_image image=&#8220;8622&#8243; img_size=&#8220;full&#8220;][\/vc_column][vc_column width=&#8220;11\/12&#8243;][vc_custom_heading text=&#8220;Past events &#8211; 2018&#8243; font_container=&#8220;tag:h2|text_align:left|color:%23ffffff&#8220; google_fonts=&#8220;font_family:Asap%3Aregular%2Citalic%2C700%2C700italic|font_style:400%20regular%3A400%3Anormal&#8220;][\/vc_column][\/vc_row][vc_row full_width=&#8220;stretch_row&#8220; css=&#8220;.vc_custom_1580570027473{background-image: url(http:\/\/oegrl.com\/wp-content\/uploads\/2017\/05\/Conference.jpeg?id=8629) !important;background-position: center !important;background-repeat: no-repeat !important;background-size: cover !important;}&#8220;][vc_column][vc_empty_space height=&#8220;150px&#8220;][\/vc_column][\/vc_row][vc_row][vc_column width=&#8220;5\/6&#8243;][vc_row_inner][vc_column_inner width=&#8220;1\/2&#8243;][vc_btn title=&#8220;Upcoming events&#8220; style=&#8220;classic&#8220; shape=&#8220;square&#8220; color=&#8220;black&#8220; size=&#8220;lg&#8220; align=&#8220;center&#8220; button_block=&#8220;true&#8220; link=&#8220;url:http%3A%2F%2Foegrl.com%2Findex.php%2Fevents%2Fupcoming-events%2F|||&#8220;][\/vc_column_inner][vc_column_inner width=&#8220;1\/2&#8243;][vc_btn title=&#8220;Past events&#8220; style=&#8220;classic&#8220; shape=&#8220;square&#8220; color=&#8220;inverse&#8220; size=&#8220;lg&#8220; align=&#8220;center&#8220; button_block=&#8220;true&#8220; link=&#8220;url:http%3A%2F%2Foegrl.com%2Findex.php%2Fevents%2Fpast-events%2F|||&#8220;][\/vc_column_inner][\/vc_row_inner][vc_row_inner 0=&#8220;&#8220;][vc_column_inner width=&#8220;1\/6&#8243;][vc_btn title=&#8220;2022&#8243; style=&#8220;classic&#8220; shape=&#8220;square&#8220; color=&#8220;black&#8220; size=&#8220;lg&#8220; align=&#8220;center&#8220; [&hellip;]<\/p>\n","protected":false},"author":1,"featured_media":0,"parent":0,"menu_order":0,"comment_status":"closed","ping_status":"closed","template":"","meta":{"footnotes":""},"_links":{"self":[{"href":"https:\/\/oegrl.com\/index.php\/wp-json\/wp\/v2\/pages\/9902"}],"collection":[{"href":"https:\/\/oegrl.com\/index.php\/wp-json\/wp\/v2\/pages"}],"about":[{"href":"https:\/\/oegrl.com\/index.php\/wp-json\/wp\/v2\/types\/page"}],"author":[{"embeddable":true,"href":"https:\/\/oegrl.com\/index.php\/wp-json\/wp\/v2\/users\/1"}],"replies":[{"embeddable":true,"href":"https:\/\/oegrl.com\/index.php\/wp-json\/wp\/v2\/comments?post=9902"}],"version-history":[{"count":11,"href":"https:\/\/oegrl.com\/index.php\/wp-json\/wp\/v2\/pages\/9902\/revisions"}],"predecessor-version":[{"id":10555,"href":"https:\/\/oegrl.com\/index.php\/wp-json\/wp\/v2\/pages\/9902\/revisions\/10555"}],"wp:attachment":[{"href":"https:\/\/oegrl.com\/index.php\/wp-json\/wp\/v2\/media?parent=9902"}],"curies":[{"name":"wp","href":"https:\/\/api.w.org\/{rel}","templated":true}]}}